{"id":317,"date":"2023-04-29T16:35:16","date_gmt":"2023-04-29T14:35:16","guid":{"rendered":"https:\/\/www.be-group.de\/sicherheitsplanung\/militaerische-liegenschaften\/"},"modified":"2024-05-03T19:24:57","modified_gmt":"2024-05-03T17:24:57","slug":"military-compounds","status":"publish","type":"page","link":"https:\/\/www.be-group.de\/en\/safety-and-security-engineering\/military-compounds\/","title":{"rendered":"Military Compounds"},"content":{"rendered":"","protected":false},"excerpt":{"rendered":"","protected":false},"author":1,"featured_media":0,"parent":315,"menu_order":20,"comment_status":"closed","ping_status":"closed","template":"","meta":{"inline_featured_image":false,"footnotes":""},"class_list":["post-317","page","type-page","status-publish","hentry"],"yoast_head":"<!-- This site is optimized with the Yoast SEO plugin v27.3 - https:\/\/yoast.com\/product\/yoast-seo-wordpress\/ -->\n<title>Military Compounds - Braun Engineering Group<\/title>\n<meta name=\"description\" content=\"Milit\u00e4rische Liegenschaften werden von interdisziplin\u00e4ren Planungsteams bearbeitet, um L\u00f6sungen f\u00fcr Bauma\u00dfnahmen bereitzustellen.\" \/>\n<meta name=\"robots\" content=\"index, follow, max-snippet:-1, max-image-preview:large, max-video-preview:-1\" \/>\n<link rel=\"canonical\" href=\"https:\/\/www.be-group.de\/en\/safety-and-security-engineering\/military-compounds\/\" \/>\n<meta property=\"og:locale\" content=\"en_US\" \/>\n<meta property=\"og:type\" content=\"article\" \/>\n<meta property=\"og:title\" content=\"Military Compounds - Braun Engineering Group\" \/>\n<meta property=\"og:description\" content=\"Milit\u00e4rische Liegenschaften werden von interdisziplin\u00e4ren Planungsteams bearbeitet, um L\u00f6sungen f\u00fcr Bauma\u00dfnahmen bereitzustellen.\" \/>\n<meta property=\"og:url\" content=\"https:\/\/www.be-group.de\/en\/safety-and-security-engineering\/military-compounds\/\" \/>\n<meta property=\"og:site_name\" content=\"Braun Engineering Group\" \/>\n<meta property=\"article:modified_time\" content=\"2024-05-03T17:24:57+00:00\" \/>\n<meta name=\"twitter:card\" content=\"summary_large_image\" \/>\n<meta name=\"twitter:label1\" content=\"Est. reading time\" \/>\n\t<meta name=\"twitter:data1\" content=\"2 minutes\" \/>\n<script type=\"application\/ld+json\" class=\"yoast-schema-graph\">{\"@context\":\"https:\\\/\\\/schema.org\",\"@graph\":[{\"@type\":\"WebPage\",\"@id\":\"https:\\\/\\\/www.be-group.de\\\/en\\\/safety-and-security-engineering\\\/military-compounds\\\/\",\"url\":\"https:\\\/\\\/www.be-group.de\\\/en\\\/safety-and-security-engineering\\\/military-compounds\\\/\",\"name\":\"Military Compounds - Braun Engineering Group\",\"isPartOf\":{\"@id\":\"https:\\\/\\\/www.be-group.de\\\/en\\\/#website\"},\"datePublished\":\"2023-04-29T14:35:16+00:00\",\"dateModified\":\"2024-05-03T17:24:57+00:00\",\"description\":\"Milit\u00e4rische Liegenschaften werden von interdisziplin\u00e4ren Planungsteams bearbeitet, um L\u00f6sungen f\u00fcr Bauma\u00dfnahmen bereitzustellen.\",\"breadcrumb\":{\"@id\":\"https:\\\/\\\/www.be-group.de\\\/en\\\/safety-and-security-engineering\\\/military-compounds\\\/#breadcrumb\"},\"inLanguage\":\"en-US\",\"potentialAction\":[{\"@type\":\"ReadAction\",\"target\":[\"https:\\\/\\\/www.be-group.de\\\/en\\\/safety-and-security-engineering\\\/military-compounds\\\/\"]}]},{\"@type\":\"BreadcrumbList\",\"@id\":\"https:\\\/\\\/www.be-group.de\\\/en\\\/safety-and-security-engineering\\\/military-compounds\\\/#breadcrumb\",\"itemListElement\":[{\"@type\":\"ListItem\",\"position\":1,\"name\":\"Home\",\"item\":\"https:\\\/\\\/www.be-group.de\\\/en\\\/\"},{\"@type\":\"ListItem\",\"position\":2,\"name\":\"Security Engineering\",\"item\":\"https:\\\/\\\/www.be-group.de\\\/en\\\/safety-and-security-engineering\\\/\"},{\"@type\":\"ListItem\",\"position\":3,\"name\":\"Military Compounds\"}]},{\"@type\":\"WebSite\",\"@id\":\"https:\\\/\\\/www.be-group.de\\\/en\\\/#website\",\"url\":\"https:\\\/\\\/www.be-group.de\\\/en\\\/\",\"name\":\"Braun Engineering Group\",\"description\":\"\",\"potentialAction\":[{\"@type\":\"SearchAction\",\"target\":{\"@type\":\"EntryPoint\",\"urlTemplate\":\"https:\\\/\\\/www.be-group.de\\\/en\\\/?s={search_term_string}\"},\"query-input\":{\"@type\":\"PropertyValueSpecification\",\"valueRequired\":true,\"valueName\":\"search_term_string\"}}],\"inLanguage\":\"en-US\"}]}<\/script>\n<!-- \/ Yoast SEO plugin. -->","yoast_head_json":{"title":"Military Compounds - Braun Engineering Group","description":"Milit\u00e4rische Liegenschaften werden von interdisziplin\u00e4ren Planungsteams bearbeitet, um L\u00f6sungen f\u00fcr Bauma\u00dfnahmen bereitzustellen.","robots":{"index":"index","follow":"follow","max-snippet":"max-snippet:-1","max-image-preview":"max-image-preview:large","max-video-preview":"max-video-preview:-1"},"canonical":"https:\/\/www.be-group.de\/en\/safety-and-security-engineering\/military-compounds\/","og_locale":"en_US","og_type":"article","og_title":"Military Compounds - Braun Engineering Group","og_description":"Milit\u00e4rische Liegenschaften werden von interdisziplin\u00e4ren Planungsteams bearbeitet, um L\u00f6sungen f\u00fcr Bauma\u00dfnahmen bereitzustellen.","og_url":"https:\/\/www.be-group.de\/en\/safety-and-security-engineering\/military-compounds\/","og_site_name":"Braun Engineering Group","article_modified_time":"2024-05-03T17:24:57+00:00","twitter_card":"summary_large_image","twitter_misc":{"Est. reading time":"2 minutes"},"schema":{"@context":"https:\/\/schema.org","@graph":[{"@type":"WebPage","@id":"https:\/\/www.be-group.de\/en\/safety-and-security-engineering\/military-compounds\/","url":"https:\/\/www.be-group.de\/en\/safety-and-security-engineering\/military-compounds\/","name":"Military Compounds - Braun Engineering Group","isPartOf":{"@id":"https:\/\/www.be-group.de\/en\/#website"},"datePublished":"2023-04-29T14:35:16+00:00","dateModified":"2024-05-03T17:24:57+00:00","description":"Milit\u00e4rische Liegenschaften werden von interdisziplin\u00e4ren Planungsteams bearbeitet, um L\u00f6sungen f\u00fcr Bauma\u00dfnahmen bereitzustellen.","breadcrumb":{"@id":"https:\/\/www.be-group.de\/en\/safety-and-security-engineering\/military-compounds\/#breadcrumb"},"inLanguage":"en-US","potentialAction":[{"@type":"ReadAction","target":["https:\/\/www.be-group.de\/en\/safety-and-security-engineering\/military-compounds\/"]}]},{"@type":"BreadcrumbList","@id":"https:\/\/www.be-group.de\/en\/safety-and-security-engineering\/military-compounds\/#breadcrumb","itemListElement":[{"@type":"ListItem","position":1,"name":"Home","item":"https:\/\/www.be-group.de\/en\/"},{"@type":"ListItem","position":2,"name":"Security Engineering","item":"https:\/\/www.be-group.de\/en\/safety-and-security-engineering\/"},{"@type":"ListItem","position":3,"name":"Military Compounds"}]},{"@type":"WebSite","@id":"https:\/\/www.be-group.de\/en\/#website","url":"https:\/\/www.be-group.de\/en\/","name":"Braun Engineering Group","description":"","potentialAction":[{"@type":"SearchAction","target":{"@type":"EntryPoint","urlTemplate":"https:\/\/www.be-group.de\/en\/?s={search_term_string}"},"query-input":{"@type":"PropertyValueSpecification","valueRequired":true,"valueName":"search_term_string"}}],"inLanguage":"en-US"}]}},"_links":{"self":[{"href":"https:\/\/www.be-group.de\/en\/wp-json\/wp\/v2\/pages\/317","targetHints":{"allow":["GET"]}}],"collection":[{"href":"https:\/\/www.be-group.de\/en\/wp-json\/wp\/v2\/pages"}],"about":[{"href":"https:\/\/www.be-group.de\/en\/wp-json\/wp\/v2\/types\/page"}],"author":[{"embeddable":true,"href":"https:\/\/www.be-group.de\/en\/wp-json\/wp\/v2\/users\/1"}],"replies":[{"embeddable":true,"href":"https:\/\/www.be-group.de\/en\/wp-json\/wp\/v2\/comments?post=317"}],"version-history":[{"count":1,"href":"https:\/\/www.be-group.de\/en\/wp-json\/wp\/v2\/pages\/317\/revisions"}],"predecessor-version":[{"id":336,"href":"https:\/\/www.be-group.de\/en\/wp-json\/wp\/v2\/pages\/317\/revisions\/336"}],"up":[{"embeddable":true,"href":"https:\/\/www.be-group.de\/en\/wp-json\/wp\/v2\/pages\/315"}],"wp:attachment":[{"href":"https:\/\/www.be-group.de\/en\/wp-json\/wp\/v2\/media?parent=317"}],"curies":[{"name":"wp","href":"https:\/\/api.w.org\/{rel}","templated":true}]}}